{"id":6303,"date":"2022-11-21T18:18:06","date_gmt":"2022-11-21T18:18:06","guid":{"rendered":"https:\/\/www.collectivecrunch.com\/blogg\/"},"modified":"2025-09-01T08:02:23","modified_gmt":"2025-09-01T08:02:23","slug":"blogg","status":"publish","type":"page","link":"https:\/\/www.collectivecrunch.com\/sv\/blogg\/","title":{"rendered":"Blogg"},"content":{"rendered":"\t\t<div data-elementor-type=\"wp-page\" data-elementor-id=\"6303\" class=\"elementor elementor-6303 elementor-1426\" data-elementor-post-type=\"page\">\n\t\t\t\t\t\t<section class=\"elementor-section elementor-top-section elementor-element elementor-element-c883805 elementor-section-boxed elementor-section-height-default elementor-section-height-default\" data-id=\"c883805\" data-element_type=\"section\" data-e-type=\"section\" data-settings=\"{&quot;background_background&quot;:&quot;classic&quot;}\">\n\t\t\t\t\t\t<div class=\"elementor-container elementor-column-gap-wide\">\n\t\t\t\t\t<div class=\"elementor-column elementor-col-100 elementor-top-column elementor-element elementor-element-a5b4d7c\" data-id=\"a5b4d7c\" data-element_type=\"column\" data-e-type=\"column\">\n\t\t\t<div class=\"elementor-widget-wrap elementor-element-populated\">\n\t\t\t\t\t\t<div class=\"elementor-element elementor-element-573ed67 elementor-widget elementor-widget-heading\" data-id=\"573ed67\" data-element_type=\"widget\" data-e-type=\"widget\" data-widget_type=\"heading.default\">\n\t\t\t\t<div class=\"elementor-widget-container\">\n\t\t\t\t\t<h2 class=\"elementor-heading-title elementor-size-default\">Nyheter\/Blogg<\/h2>\t\t\t\t<\/div>\n\t\t\t\t<\/div>\n\t\t\t\t\t<\/div>\n\t\t<\/div>\n\t\t\t\t\t<\/div>\n\t\t<\/section>\n\t\t\t\t<\/div>\n\t\t","protected":false},"excerpt":{"rendered":"<p>Nyheter\/Blogg<\/p>\n","protected":false},"author":1,"featured_media":0,"parent":0,"menu_order":0,"comment_status":"closed","ping_status":"closed","template":"","meta":{"_acf_changed":false,"nf_dc_page":"","footnotes":""},"class_list":["post-6303","page","type-page","status-publish","hentry"],"acf":[],"yoast_head":"<!-- This site is optimized with the Yoast SEO plugin v27.4 - https:\/\/yoast.com\/product\/yoast-seo-wordpress\/ -->\n<title>Blogg - CollectiveCrunch<\/title>\n<meta name=\"description\" content=\"Uppt\u00e4ck en skattkista av insiktsfulla blogginl\u00e4gg som t\u00e4cker ett brett spektrum av \u00e4mnen och prenumerera p\u00e5 v\u00e5r e-postlista.\" \/>\n<meta name=\"robots\" content=\"index, follow, max-snippet:-1, max-image-preview:large, max-video-preview:-1\" \/>\n<link rel=\"canonical\" href=\"https:\/\/www.collectivecrunch.com\/sv\/blogg\/\" \/>\n<meta property=\"og:locale\" content=\"sv_SE\" \/>\n<meta property=\"og:type\" content=\"article\" \/>\n<meta property=\"og:title\" content=\"Blogg - CollectiveCrunch\" \/>\n<meta property=\"og:description\" content=\"Uppt\u00e4ck en skattkista av insiktsfulla blogginl\u00e4gg som t\u00e4cker ett brett spektrum av \u00e4mnen och prenumerera p\u00e5 v\u00e5r e-postlista.\" \/>\n<meta property=\"og:url\" content=\"https:\/\/www.collectivecrunch.com\/sv\/blogg\/\" \/>\n<meta property=\"og:site_name\" content=\"CollectiveCrunch\" \/>\n<meta property=\"article:modified_time\" content=\"2025-09-01T08:02:23+00:00\" \/>\n<meta name=\"twitter:card\" content=\"summary_large_image\" \/>\n<script type=\"application\/ld+json\" class=\"yoast-schema-graph\">{\"@context\":\"https:\\\/\\\/schema.org\",\"@graph\":[{\"@type\":\"WebPage\",\"@id\":\"https:\\\/\\\/www.collectivecrunch.com\\\/sv\\\/blogg\\\/\",\"url\":\"https:\\\/\\\/www.collectivecrunch.com\\\/sv\\\/blogg\\\/\",\"name\":\"Blogg - CollectiveCrunch\",\"isPartOf\":{\"@id\":\"https:\\\/\\\/www.collectivecrunch.com\\\/#website\"},\"datePublished\":\"2022-11-21T18:18:06+00:00\",\"dateModified\":\"2025-09-01T08:02:23+00:00\",\"description\":\"Uppt\u00e4ck en skattkista av insiktsfulla blogginl\u00e4gg som t\u00e4cker ett brett spektrum av \u00e4mnen och prenumerera p\u00e5 v\u00e5r e-postlista.\",\"breadcrumb\":{\"@id\":\"https:\\\/\\\/www.collectivecrunch.com\\\/sv\\\/blogg\\\/#breadcrumb\"},\"inLanguage\":\"sv-SE\",\"potentialAction\":[{\"@type\":\"ReadAction\",\"target\":[\"https:\\\/\\\/www.collectivecrunch.com\\\/sv\\\/blogg\\\/\"]}]},{\"@type\":\"BreadcrumbList\",\"@id\":\"https:\\\/\\\/www.collectivecrunch.com\\\/sv\\\/blogg\\\/#breadcrumb\",\"itemListElement\":[{\"@type\":\"ListItem\",\"position\":1,\"name\":\"Home\",\"item\":\"https:\\\/\\\/www.collectivecrunch.com\\\/\"},{\"@type\":\"ListItem\",\"position\":2,\"name\":\"Blogg\"}]},{\"@type\":\"WebSite\",\"@id\":\"https:\\\/\\\/www.collectivecrunch.com\\\/#website\",\"url\":\"https:\\\/\\\/www.collectivecrunch.com\\\/\",\"name\":\"CollectiveCrunch\",\"description\":\"Forest data solutions powered by AI\",\"publisher\":{\"@id\":\"https:\\\/\\\/www.collectivecrunch.com\\\/#organization\"},\"potentialAction\":[{\"@type\":\"SearchAction\",\"target\":{\"@type\":\"EntryPoint\",\"urlTemplate\":\"https:\\\/\\\/www.collectivecrunch.com\\\/?s={search_term_string}\"},\"query-input\":{\"@type\":\"PropertyValueSpecification\",\"valueRequired\":true,\"valueName\":\"search_term_string\"}}],\"inLanguage\":\"sv-SE\"},{\"@type\":\"Organization\",\"@id\":\"https:\\\/\\\/www.collectivecrunch.com\\\/#organization\",\"name\":\"CollectiveCrunch\",\"url\":\"https:\\\/\\\/www.collectivecrunch.com\\\/\",\"logo\":{\"@type\":\"ImageObject\",\"inLanguage\":\"sv-SE\",\"@id\":\"https:\\\/\\\/www.collectivecrunch.com\\\/#\\\/schema\\\/logo\\\/image\\\/\",\"url\":\"https:\\\/\\\/www.collectivecrunch.com\\\/wp-content\\\/uploads\\\/2022\\\/11\\\/cropped-CC-full-logo-white-copy.jpg\",\"contentUrl\":\"https:\\\/\\\/www.collectivecrunch.com\\\/wp-content\\\/uploads\\\/2022\\\/11\\\/cropped-CC-full-logo-white-copy.jpg\",\"width\":1920,\"height\":687,\"caption\":\"CollectiveCrunch\"},\"image\":{\"@id\":\"https:\\\/\\\/www.collectivecrunch.com\\\/#\\\/schema\\\/logo\\\/image\\\/\"}}]}<\/script>\n<!-- \/ Yoast SEO plugin. -->","yoast_head_json":{"title":"Blogg - CollectiveCrunch","description":"Uppt\u00e4ck en skattkista av insiktsfulla blogginl\u00e4gg som t\u00e4cker ett brett spektrum av \u00e4mnen och prenumerera p\u00e5 v\u00e5r e-postlista.","robots":{"index":"index","follow":"follow","max-snippet":"max-snippet:-1","max-image-preview":"max-image-preview:large","max-video-preview":"max-video-preview:-1"},"canonical":"https:\/\/www.collectivecrunch.com\/sv\/blogg\/","og_locale":"sv_SE","og_type":"article","og_title":"Blogg - CollectiveCrunch","og_description":"Uppt\u00e4ck en skattkista av insiktsfulla blogginl\u00e4gg som t\u00e4cker ett brett spektrum av \u00e4mnen och prenumerera p\u00e5 v\u00e5r e-postlista.","og_url":"https:\/\/www.collectivecrunch.com\/sv\/blogg\/","og_site_name":"CollectiveCrunch","article_modified_time":"2025-09-01T08:02:23+00:00","twitter_card":"summary_large_image","schema":{"@context":"https:\/\/schema.org","@graph":[{"@type":"WebPage","@id":"https:\/\/www.collectivecrunch.com\/sv\/blogg\/","url":"https:\/\/www.collectivecrunch.com\/sv\/blogg\/","name":"Blogg - CollectiveCrunch","isPartOf":{"@id":"https:\/\/www.collectivecrunch.com\/#website"},"datePublished":"2022-11-21T18:18:06+00:00","dateModified":"2025-09-01T08:02:23+00:00","description":"Uppt\u00e4ck en skattkista av insiktsfulla blogginl\u00e4gg som t\u00e4cker ett brett spektrum av \u00e4mnen och prenumerera p\u00e5 v\u00e5r e-postlista.","breadcrumb":{"@id":"https:\/\/www.collectivecrunch.com\/sv\/blogg\/#breadcrumb"},"inLanguage":"sv-SE","potentialAction":[{"@type":"ReadAction","target":["https:\/\/www.collectivecrunch.com\/sv\/blogg\/"]}]},{"@type":"BreadcrumbList","@id":"https:\/\/www.collectivecrunch.com\/sv\/blogg\/#breadcrumb","itemListElement":[{"@type":"ListItem","position":1,"name":"Home","item":"https:\/\/www.collectivecrunch.com\/"},{"@type":"ListItem","position":2,"name":"Blogg"}]},{"@type":"WebSite","@id":"https:\/\/www.collectivecrunch.com\/#website","url":"https:\/\/www.collectivecrunch.com\/","name":"CollectiveCrunch","description":"Forest data solutions powered by AI","publisher":{"@id":"https:\/\/www.collectivecrunch.com\/#organization"},"potentialAction":[{"@type":"SearchAction","target":{"@type":"EntryPoint","urlTemplate":"https:\/\/www.collectivecrunch.com\/?s={search_term_string}"},"query-input":{"@type":"PropertyValueSpecification","valueRequired":true,"valueName":"search_term_string"}}],"inLanguage":"sv-SE"},{"@type":"Organization","@id":"https:\/\/www.collectivecrunch.com\/#organization","name":"CollectiveCrunch","url":"https:\/\/www.collectivecrunch.com\/","logo":{"@type":"ImageObject","inLanguage":"sv-SE","@id":"https:\/\/www.collectivecrunch.com\/#\/schema\/logo\/image\/","url":"https:\/\/www.collectivecrunch.com\/wp-content\/uploads\/2022\/11\/cropped-CC-full-logo-white-copy.jpg","contentUrl":"https:\/\/www.collectivecrunch.com\/wp-content\/uploads\/2022\/11\/cropped-CC-full-logo-white-copy.jpg","width":1920,"height":687,"caption":"CollectiveCrunch"},"image":{"@id":"https:\/\/www.collectivecrunch.com\/#\/schema\/logo\/image\/"}}]}},"_links":{"self":[{"href":"https:\/\/www.collectivecrunch.com\/sv\/wp-json\/wp\/v2\/pages\/6303","targetHints":{"allow":["GET"]}}],"collection":[{"href":"https:\/\/www.collectivecrunch.com\/sv\/wp-json\/wp\/v2\/pages"}],"about":[{"href":"https:\/\/www.collectivecrunch.com\/sv\/wp-json\/wp\/v2\/types\/page"}],"author":[{"embeddable":true,"href":"https:\/\/www.collectivecrunch.com\/sv\/wp-json\/wp\/v2\/users\/1"}],"replies":[{"embeddable":true,"href":"https:\/\/www.collectivecrunch.com\/sv\/wp-json\/wp\/v2\/comments?post=6303"}],"version-history":[{"count":1,"href":"https:\/\/www.collectivecrunch.com\/sv\/wp-json\/wp\/v2\/pages\/6303\/revisions"}],"predecessor-version":[{"id":6304,"href":"https:\/\/www.collectivecrunch.com\/sv\/wp-json\/wp\/v2\/pages\/6303\/revisions\/6304"}],"wp:attachment":[{"href":"https:\/\/www.collectivecrunch.com\/sv\/wp-json\/wp\/v2\/media?parent=6303"}],"curies":[{"name":"wp","href":"https:\/\/api.w.org\/{rel}","templated":true}]}}